{"id":7142,"date":"2026-01-13T11:34:38","date_gmt":"2026-01-13T11:34:38","guid":{"rendered":"https:\/\/mpsmaroc.com\/nos-produits\/?post_type=product&#038;p=7142"},"modified":"2026-01-13T11:34:38","modified_gmt":"2026-01-13T11:34:38","slug":"l7000-zkteco","status":"publish","type":"product","link":"https:\/\/mpsmaroc.com\/nos-produits\/product\/l7000-zkteco\/","title":{"rendered":"L7000 &#8211; ZKTeco"},"content":{"rendered":"<p style=\"font-weight: 400;\">Le\u00a0<b><strong>L7000<\/strong><\/b>\u00a0nouveau mod\u00e8le de serrure biom\u00e9trique de\u00a0<b><strong>ZKTecos<\/strong><\/b>, syst\u00e8me d&#8217;entr\u00e9e efficace et \u00e9conomique pour chaque porte \u00e0 s\u00e9curiser, la technologie d&#8217;empreinte digitale est plus s\u00e9curis\u00e9e que toute cl\u00e9.<\/p>\n<p style=\"font-weight: 400;\"><b><strong>L7000<\/strong><\/b>\u00a0est une\u00a0<b><strong>serrure intelligente<\/strong><\/b>\u00a0avec technologie de reconnaissance d&#8217;empreinte digitale int\u00e9gr\u00e9e. C&#8217;est une conception de bricolage, qui peut \u00eatre install\u00e9e rapidement sur la porte. Vous pouvez m\u00eame le faire vous-m\u00eame.<\/p>\n<p style=\"font-weight: 400;\">La\u00a0<b><strong>serrure<\/strong><\/b>\u00a0\u00e0 empreinte digitale\u00a0<b><strong>L7000<\/strong><\/b>\u00a0est tr\u00e8s pratique \u00e0 utiliser et offre un acc\u00e8s rapide \u00e0 n\u2019importe quelle pi\u00e8ce s\u00e9curis\u00e9e. Vous n&#8217;avez pas besoin de porter une cl\u00e9, il suffit de placer votre doigt avec le capteur de lecture et la porte se d\u00e9verrouille dans la seconde qui suit la v\u00e9rification.<\/p>\n<p style=\"font-weight: 400;\">L&#8217;inscription et la gestion des utilisateurs se font sur un \u00e9cran OLED. Il existe trois niveaux utilisateur disponibles pour g\u00e9rer le syst\u00e8me, qui peuvent \u00eatre ouverts par empreinte digitale, code PIN ou cl\u00e9. Avec un verrou unique et une conception de poign\u00e9e r\u00e9versible, ce verrou peut remplacer un verrou \u00e0 bouton cylindrique en un rien de temps. La serrure a un port USB pour la transmission de donn\u00e9es qui facilite le t\u00e9l\u00e9chargement des donn\u00e9es op\u00e9rationnelles.<\/p>\n<p style=\"font-weight: 400;\">Alarme intelligente pour batterie faible et fonctionnement ill\u00e9gal<\/p>\n<p style=\"font-weight: 400;\">Bornes externes pour puiser l&#8217;\u00e9nergie de secours d&#8217;une batterie 9V<\/p>\n<p style=\"font-weight: 400;\">Algorithme de reconnaissance d&#8217;empreinte digitale de nouvelle g\u00e9n\u00e9ration Gestion des horaires d&#8217;acc\u00e8s (facultatif)<\/p>\n<table style=\"font-weight: 400;\" width=\"574\">\n<tbody>\n<tr>\n<td width=\"199\">\n<p style=\"font-weight: 400;\">Mat\u00e9riel<\/p>\n<\/td>\n<td width=\"375\">\n<p style=\"font-weight: 400;\">Alliage de\u00a0zinc<\/p>\n<\/td>\n<\/tr>\n<tr>\n<td width=\"199\">\n<p style=\"font-weight: 400;\">Capacit\u00e9 d&#8217;\u00a0empreinte digitale<\/p>\n<\/td>\n<td width=\"375\">\n<p style=\"font-weight: 400;\">500<\/p>\n<\/td>\n<\/tr>\n<tr>\n<td width=\"199\">\n<p style=\"font-weight: 400;\">Capacit\u00e9 de\u00a0mot de passe<\/p>\n<\/td>\n<td width=\"375\">\n<p style=\"font-weight: 400;\">100<\/p>\n<\/td>\n<\/tr>\n<tr>\n<td width=\"199\">\n<p style=\"font-weight: 400;\">Capacit\u00e9 du\u00a0journal<\/p>\n<\/td>\n<td width=\"375\">\n<p style=\"font-weight: 400;\">30 000<\/p>\n<\/td>\n<\/tr>\n<tr>\n<td width=\"199\">\n<p style=\"font-weight: 400;\">Temp\u00e9rature de\u00a0fonctionnement<\/p>\n<\/td>\n<td width=\"375\">\n<p style=\"font-weight: 400;\">0\u00a0\u00b0 C\u00a0&#8211;\u00a045\u00a0\u00b0 C<\/p>\n<\/td>\n<\/tr>\n<tr>\n<td width=\"199\">\n<p style=\"font-weight: 400;\">puissance d&#8217;\u00a0alimentation<\/p>\n<\/td>\n<td width=\"375\">\n<p style=\"font-weight: 400;\">Pile\u00a0alcaline\u00a0AA 4 *<\/p>\n<\/td>\n<\/tr>\n<tr>\n<td width=\"199\">\n<p style=\"font-weight: 400;\">D\u00e9verrouillage de la\u00a0sauvegarde<\/p>\n<\/td>\n<td width=\"375\">\n<p style=\"font-weight: 400;\">Cl\u00e9\u00a0m\u00e9canique\u00a0et\u00a0pile\u00a09V<\/p>\n<\/td>\n<\/tr>\n<tr>\n<td width=\"199\">\n<p style=\"font-weight: 400;\">\u00c9paisseur de la\u00a0porte<\/p>\n<\/td>\n<td width=\"375\">\n<p style=\"font-weight: 400;\">35-55\u00a0mm\u00a0(standard),\u00a055-75\u00a0mm\u00a0(en option)<\/p>\n<\/td>\n<\/tr>\n<\/tbody>\n<\/table>\n","protected":false},"excerpt":{"rendered":"<p>Le\u00a0L7000\u00a0nouveau mod\u00e8le de serrure biom\u00e9trique de\u00a0ZKTecos, syst\u00e8me d&#8217;entr\u00e9e efficace et \u00e9conomique pour chaque porte \u00e0 s\u00e9curiser, la technologie d&#8217;empreinte digitale est plus s\u00e9curis\u00e9e que toute cl\u00e9. L7000\u00a0est une\u00a0serrure intelligente\u00a0avec technologie<\/p>\n","protected":false},"featured_media":7145,"comment_status":"open","ping_status":"closed","template":"","meta":{"_acf_changed":false,"pagelayer_contact_templates":[],"_pagelayer_content":""},"product_brand":[327],"product_cat":[311,312,313],"product_tag":[],"class_list":{"0":"post-7142","1":"product","2":"type-product","3":"status-publish","4":"has-post-thumbnail","6":"product_brand-zkteco","7":"product_cat-controle-dacces","8":"product_cat-presence-acces","9":"product_cat-serrure-intelligente","11":"first","12":"instock","13":"shipping-taxable","14":"product-type-simple"},"acf":[],"_links":{"self":[{"href":"https:\/\/mpsmaroc.com\/nos-produits\/wp-json\/wp\/v2\/product\/7142","targetHints":{"allow":["GET"]}}],"collection":[{"href":"https:\/\/mpsmaroc.com\/nos-produits\/wp-json\/wp\/v2\/product"}],"about":[{"href":"https:\/\/mpsmaroc.com\/nos-produits\/wp-json\/wp\/v2\/types\/product"}],"replies":[{"embeddable":true,"href":"https:\/\/mpsmaroc.com\/nos-produits\/wp-json\/wp\/v2\/comments?post=7142"}],"wp:featuredmedia":[{"embeddable":true,"href":"https:\/\/mpsmaroc.com\/nos-produits\/wp-json\/wp\/v2\/media\/7145"}],"wp:attachment":[{"href":"https:\/\/mpsmaroc.com\/nos-produits\/wp-json\/wp\/v2\/media?parent=7142"}],"wp:term":[{"taxonomy":"product_brand","embeddable":true,"href":"https:\/\/mpsmaroc.com\/nos-produits\/wp-json\/wp\/v2\/product_brand?post=7142"},{"taxonomy":"product_cat","embeddable":true,"href":"https:\/\/mpsmaroc.com\/nos-produits\/wp-json\/wp\/v2\/product_cat?post=7142"},{"taxonomy":"product_tag","embeddable":true,"href":"https:\/\/mpsmaroc.com\/nos-produits\/wp-json\/wp\/v2\/product_tag?post=7142"}],"curies":[{"name":"wp","href":"https:\/\/api.w.org\/{rel}","templated":true}]}}