{"id":7136,"date":"2026-01-13T11:31:01","date_gmt":"2026-01-13T11:31:01","guid":{"rendered":"https:\/\/mpsmaroc.com\/nos-produits\/?post_type=product&#038;p=7136"},"modified":"2026-01-13T11:35:01","modified_gmt":"2026-01-13T11:35:01","slug":"k40-zkteco","status":"publish","type":"product","link":"https:\/\/mpsmaroc.com\/nos-produits\/product\/k40-zkteco\/","title":{"rendered":"K40 &#8211; ZKTeco"},"content":{"rendered":"<p><b><span lang=\"fr\" xml:lang=\"fr\">ZKteco K40<\/span><\/b><span lang=\"fr\" xml:lang=\"fr\">\u00a0est un lecteur biom\u00e9trique d&#8217;<strong>empreintes digitales<\/strong>\u00a0innovant pour l&#8217;application de\u00a0<strong>contr\u00f4le d&#8217;acc\u00e8s<\/strong>. Avec ses fonctions de micro\u00a0<strong>logiciel<\/strong>\u00a0hautes performances et son design compact, il est devenu l&#8217;un des appareils les plus populaires de\u00a0<b>ZKTeco<\/b>, car il fonctionne avec le dernier micrologiciel de\u00a0<b>ZKTeco<\/b>\u00a0avec une interface utilisateur conviviale et des param\u00e8tres de privil\u00e8ge flexibles pour les utilisateurs Multi niveaux. Avec optimisation du mat\u00e9riel plate-forme et firmware. L\u2019appareil offre TCP \/ IP, h\u00f4te USB, batterie Buitl-in, contr\u00f4le d\u2019acc\u00e8s simple ou sonnerie externe, compte-rendu SSR au format Excel, prend en charge WDMS.<\/span><\/p>\n<p style=\"font-weight: 400;\"><b><strong>CARACT\u00c9RISTIQUES ZKTECO K40 :<\/strong><\/b><\/p>\n<ul>\n<li style=\"font-weight: 400;\"><b><strong>Capacit\u00e9 d&#8217;empreinte digitale<\/strong><\/b>\u00a01000 (2000 sans SSR)<\/li>\n<li style=\"font-weight: 400;\"><b><strong>Capacit\u00e9 de la carte d&#8217;identit\u00e9<\/strong><\/b>\u00a010 000 (facultatif)<\/li>\n<li style=\"font-weight: 400;\"><b><strong>Capacit\u00e9 d&#8217;enregistrement<\/strong><\/b>\u00a080 000<\/li>\n<li style=\"font-weight: 400;\"><b><strong>\u00c9cran<\/strong><\/b>\u00a0TFT de 2,8 pouces<\/li>\n<li style=\"font-weight: 400;\"><b><strong>La communication<\/strong><\/b>\u00a0TCP \/ IP, h\u00f4te USB<\/li>\n<li style=\"font-weight: 400;\"><b><strong>Fonction standard<\/strong><\/b>\u00a0\u00a0Serveur Web, SMS, commutateur de statut automatique, requ\u00eate en libre service, code de travail, entr\u00e9e T9, identifiant utilisateur \u00e0 9 chiffres, heure d&#8217;\u00e9t\u00e9, heure de garde, horaire de Bell<\/li>\n<li style=\"font-weight: 400;\"><b><strong>Fonctions optionnelles<\/strong><\/b>\u00a0\u00a0ID \/ Mifare<\/li>\n<li style=\"font-weight: 400;\"><b><strong>Logiciel<\/strong><\/b>\u00a0ZKTime5.0<\/li>\n<li style=\"font-weight: 400;\"><b><strong>Source de courant<\/strong><\/b>\u00a0DC 12V 1.5A<\/li>\n<li style=\"font-weight: 400;\"><b><strong>Vitesse de v\u00e9rification<\/strong><\/b>\u00a0\u22640.5 sec<\/li>\n<li style=\"font-weight: 400;\"><b><strong>Exploitation temporaire<\/strong><\/b>. 0 \u00b0 C \u00e0 45 \u00b0 C<\/li>\n<li style=\"font-weight: 400;\"><b><strong>Humidit\u00e9 d&#8217;exploitation<\/strong><\/b>\u00a0\u00a020% \u00e0 80%<\/li>\n<li style=\"font-weight: 400;\"><b><strong>Dimension<\/strong><\/b>\u00a0184 \u00d7 136 \u00d7 37.6 (Longueur \u00d7 Largeur \u00d7 \u00c9paisseur)<\/li>\n<\/ul>\n","protected":false},"excerpt":{"rendered":"<p>ZKteco K40\u00a0est un lecteur biom\u00e9trique d&#8217;empreintes digitales\u00a0innovant pour l&#8217;application de\u00a0contr\u00f4le d&#8217;acc\u00e8s. Avec ses fonctions de micro\u00a0logiciel\u00a0hautes performances et son design compact, il est devenu l&#8217;un des appareils les plus populaires<\/p>\n","protected":false},"featured_media":7139,"comment_status":"open","ping_status":"closed","template":"","meta":{"_acf_changed":false,"pagelayer_contact_templates":[],"_pagelayer_content":""},"product_brand":[327],"product_cat":[311,312],"product_tag":[],"class_list":{"0":"post-7136","1":"product","2":"type-product","3":"status-publish","4":"has-post-thumbnail","6":"product_brand-zkteco","7":"product_cat-controle-dacces","8":"product_cat-presence-acces","10":"first","11":"instock","12":"shipping-taxable","13":"product-type-simple"},"acf":[],"_links":{"self":[{"href":"https:\/\/mpsmaroc.com\/nos-produits\/wp-json\/wp\/v2\/product\/7136","targetHints":{"allow":["GET"]}}],"collection":[{"href":"https:\/\/mpsmaroc.com\/nos-produits\/wp-json\/wp\/v2\/product"}],"about":[{"href":"https:\/\/mpsmaroc.com\/nos-produits\/wp-json\/wp\/v2\/types\/product"}],"replies":[{"embeddable":true,"href":"https:\/\/mpsmaroc.com\/nos-produits\/wp-json\/wp\/v2\/comments?post=7136"}],"wp:featuredmedia":[{"embeddable":true,"href":"https:\/\/mpsmaroc.com\/nos-produits\/wp-json\/wp\/v2\/media\/7139"}],"wp:attachment":[{"href":"https:\/\/mpsmaroc.com\/nos-produits\/wp-json\/wp\/v2\/media?parent=7136"}],"wp:term":[{"taxonomy":"product_brand","embeddable":true,"href":"https:\/\/mpsmaroc.com\/nos-produits\/wp-json\/wp\/v2\/product_brand?post=7136"},{"taxonomy":"product_cat","embeddable":true,"href":"https:\/\/mpsmaroc.com\/nos-produits\/wp-json\/wp\/v2\/product_cat?post=7136"},{"taxonomy":"product_tag","embeddable":true,"href":"https:\/\/mpsmaroc.com\/nos-produits\/wp-json\/wp\/v2\/product_tag?post=7136"}],"curies":[{"name":"wp","href":"https:\/\/api.w.org\/{rel}","templated":true}]}}