{"id":7131,"date":"2026-01-13T11:24:00","date_gmt":"2026-01-13T11:24:00","guid":{"rendered":"https:\/\/mpsmaroc.com\/nos-produits\/?post_type=product&#038;p=7131"},"modified":"2026-01-13T11:35:23","modified_gmt":"2026-01-13T11:35:23","slug":"in05-a-zkteco","status":"publish","type":"product","link":"https:\/\/mpsmaroc.com\/nos-produits\/product\/in05-a-zkteco\/","title":{"rendered":"IN05-A &#8211; ZKTeco"},"content":{"rendered":"<p style=\"font-weight: 400;\"><b><strong>IN05<\/strong><\/b>\u00a0est un terminal d&#8217;identification d&#8217;empreintes digitales et de contr\u00f4le d&#8217;acc\u00e8s pouvant se connecter avec une serrure \u00e9lectrique tierce, un capteur de porte et un bouton de sortie, etc.<\/p>\n<p style=\"font-weight: 400;\">La communication par Wi-Fi, TCP \/ IP, 3G et h\u00f4te USB garantit une connexion en douceur transfert. Associ\u00e9 au nouveau lecteur d&#8217;empreintes digitales ZK, l&#8217;op\u00e9ration reste stable sous forte source de lumi\u00e8re et avec un degr\u00e9 de pr\u00e9cision \u00e9lev\u00e9 lors de la v\u00e9rification des doigts humides et rugueux.<\/p>\n<p style=\"font-weight: 400;\">La vitesse de v\u00e9rification \u00e9tonnante et le processus de fonctionnement intuitif le rendent populaire. Cela conviendra parfaitement \u00e0 votre bureau.<\/p>\n<p style=\"font-weight: 400;\"><b><strong>CARACT\u00c9RISTIQUES\u00a0IN05-A\u00a0ZKTECO :<\/strong><\/b><\/p>\n<ul>\n<li style=\"font-weight: 400;\">Le terminal\u00a0<b><strong>IN05-A<\/strong><\/b>\u00a0prend en charge jusqu&#8217;\u00e0\u00a0<b><strong>10 000 Utilisateurs<\/strong><\/b>,\u00a0<b><strong>3 000 mod\u00e8les d&#8217;empreintes digitales\u00a0<\/strong><\/b>et\u00a0<b><strong>10 000 cartes<\/strong><\/b>.<\/li>\n<li style=\"font-weight: 400;\">Entr\u00e9e auxiliaire \u00e0 1 canal pour la connexion du d\u00e9tecteur de fum\u00e9e.<\/li>\n<li style=\"font-weight: 400;\">Construire en PoE Mode de communication multiple, Wi-Fi, TCP \/ IP, 3G, h\u00f4te USB<\/li>\n<li style=\"font-weight: 400;\">IN05 et IN05-A Fonction d&#8217;acc\u00e8s avanc\u00e9 avec connexion de verrouillage, alarme, entr\u00e9e \/ sortie Wiegand<\/li>\n<li style=\"font-weight: 400;\">Construit dans la batterie, jusqu&#8217;\u00e0 4 heures IN05 et IN05-A Fonctionnement stable sous forte source de lumi\u00e8re.<\/li>\n<li style=\"font-weight: 400;\">Compatibilit\u00e9\u00a0:\u00a0<b><strong>ZKTime.net 3.0<\/strong><\/b>,\u00a0<b><strong>BioTime 8.0<\/strong><\/b>,\u00a0<b><strong>ZKAccess 3.5<\/strong><\/b><\/li>\n<\/ul>\n","protected":false},"excerpt":{"rendered":"<p>IN05\u00a0est un terminal d&#8217;identification d&#8217;empreintes digitales et de contr\u00f4le d&#8217;acc\u00e8s pouvant se connecter avec une serrure \u00e9lectrique tierce, un capteur de porte et un bouton de sortie, etc. La communication<\/p>\n","protected":false},"featured_media":7134,"comment_status":"open","ping_status":"closed","template":"","meta":{"_acf_changed":false,"pagelayer_contact_templates":[],"_pagelayer_content":""},"product_brand":[327],"product_cat":[311,312],"product_tag":[],"class_list":{"0":"post-7131","1":"product","2":"type-product","3":"status-publish","4":"has-post-thumbnail","6":"product_brand-zkteco","7":"product_cat-controle-dacces","8":"product_cat-presence-acces","10":"first","11":"instock","12":"shipping-taxable","13":"product-type-simple"},"acf":[],"_links":{"self":[{"href":"https:\/\/mpsmaroc.com\/nos-produits\/wp-json\/wp\/v2\/product\/7131","targetHints":{"allow":["GET"]}}],"collection":[{"href":"https:\/\/mpsmaroc.com\/nos-produits\/wp-json\/wp\/v2\/product"}],"about":[{"href":"https:\/\/mpsmaroc.com\/nos-produits\/wp-json\/wp\/v2\/types\/product"}],"replies":[{"embeddable":true,"href":"https:\/\/mpsmaroc.com\/nos-produits\/wp-json\/wp\/v2\/comments?post=7131"}],"wp:featuredmedia":[{"embeddable":true,"href":"https:\/\/mpsmaroc.com\/nos-produits\/wp-json\/wp\/v2\/media\/7134"}],"wp:attachment":[{"href":"https:\/\/mpsmaroc.com\/nos-produits\/wp-json\/wp\/v2\/media?parent=7131"}],"wp:term":[{"taxonomy":"product_brand","embeddable":true,"href":"https:\/\/mpsmaroc.com\/nos-produits\/wp-json\/wp\/v2\/product_brand?post=7131"},{"taxonomy":"product_cat","embeddable":true,"href":"https:\/\/mpsmaroc.com\/nos-produits\/wp-json\/wp\/v2\/product_cat?post=7131"},{"taxonomy":"product_tag","embeddable":true,"href":"https:\/\/mpsmaroc.com\/nos-produits\/wp-json\/wp\/v2\/product_tag?post=7131"}],"curies":[{"name":"wp","href":"https:\/\/api.w.org\/{rel}","templated":true}]}}