{"id":7108,"date":"2026-01-13T11:08:53","date_gmt":"2026-01-13T11:08:53","guid":{"rendered":"https:\/\/mpsmaroc.com\/nos-produits\/?post_type=product&#038;p=7108"},"modified":"2026-01-13T11:08:53","modified_gmt":"2026-01-13T11:08:53","slug":"f22-zkteco","status":"publish","type":"product","link":"https:\/\/mpsmaroc.com\/nos-produits\/product\/f22-zkteco\/","title":{"rendered":"F22 &#8211; ZKTeco"},"content":{"rendered":"<p style=\"font-weight: 400;\"><b><strong>F22<\/strong><\/b>\u00a0est un terminal de\u00a0<b><strong>contr\u00f4le d&#8217;acc\u00e8s\u00a0<\/strong><\/b>et de gestion de l&#8217;acc\u00e8s aux empreintes digitales avec capteur BioID et Wi-Fi, qui offre des performances in\u00e9gal\u00e9es avec un algorithme avanc\u00e9 pour la fiabilit\u00e9, la pr\u00e9cision et une excellente vitesse de mise en correspondance.<\/p>\n<p style=\"font-weight: 400;\">Le\u00a0<b><strong>ZKTeco<\/strong><\/b>\u00a0<b><strong>F22<\/strong><\/b>\u00a0est dot\u00e9 de l&#8217;algorithme de correspondance d&#8217;empreinte digitale le plus rapide du march\u00e9 et d&#8217;un capteur d&#8217;empreintes digitales \u00e0 d\u00e9tection infrarouge hautes performances et de haute qualit\u00e9 ZK.<\/p>\n<p style=\"font-weight: 400;\">Le\u00a0<b><strong>F22 ZKTeco<\/strong><\/b>\u00a0offre une exp\u00e9rience tactile sup\u00e9rieure et une flexibilit\u00e9 pour une installation autonome ou avec tout panneau de contr\u00f4le d&#8217;acc\u00e8s tiers prenant en charge le signal wiegand standard. TCP \/ IP, RS485 et Wi-Fi sont \u00e9galement disponibles pour que le p\u00e9riph\u00e9rique puisse \u00eatre utilis\u00e9 dans diff\u00e9rents r\u00e9seaux.<\/p>\n<p style=\"font-weight: 400;\">Les Caract\u00e9ristiques de produit\u00a0<b><strong>F22 ZKTeco<\/strong><\/b><b><strong>\u00a0<\/strong><\/b><b><strong>:<\/strong><\/b><\/p>\n<table style=\"font-weight: 400;\" width=\"574\">\n<tbody>\n<tr>\n<td width=\"199\">\n<p style=\"font-weight: 400;\">\u00a0 Afficher<\/p>\n<\/td>\n<td width=\"375\">\n<p style=\"font-weight: 400;\">2,4 pouces\u00a0TFT\u00a0LCD\u00a0couleur\u00a0\u00e9cran<\/p>\n<\/td>\n<\/tr>\n<tr>\n<td width=\"199\">\n<p style=\"font-weight: 400;\">\u00a0 Capacit\u00e9 d&#8217;\u00a0empreinte digitale<\/p>\n<\/td>\n<td width=\"375\">\n<p style=\"font-weight: 400;\">3000<\/p>\n<\/td>\n<\/tr>\n<tr>\n<td width=\"199\">\n<p style=\"font-weight: 400;\">\u00a0 Capacit\u00e9 de la\u00a0carte<\/p>\n<\/td>\n<td width=\"375\">\n<p style=\"font-weight: 400;\">5000\u00a0ID\u00a0(facultatif)\u00a0ou\u00a0carte\u00a0mifare<\/p>\n<\/td>\n<\/tr>\n<tr>\n<td width=\"199\">\n<p style=\"font-weight: 400;\">\u00a0 Capacit\u00e9 de\u00a0transaction<\/p>\n<\/td>\n<td width=\"375\">\n<p style=\"font-weight: 400;\">30 000<\/p>\n<\/td>\n<\/tr>\n<tr>\n<td width=\"199\">\n<p style=\"font-weight: 400;\">\u00a0 Capteur<\/p>\n<\/td>\n<td width=\"375\">\n<p style=\"font-weight: 400;\">BioID\u00a0Capteur \/\u00a0SilkID\u00a0capteur\u00a0( en\u00a0option)<\/p>\n<\/td>\n<\/tr>\n<tr>\n<td width=\"199\">\n<p style=\"font-weight: 400;\">\u00a0 \u00a0Version de l&#8217;\u00a0algorithme<\/p>\n<\/td>\n<td width=\"375\">\n<p style=\"font-weight: 400;\">ZKFinger\u00a0VX10.0<\/p>\n<\/td>\n<\/tr>\n<tr>\n<td width=\"199\">\n<p style=\"font-weight: 400;\">\u00a0 \u00a0Communication<\/p>\n<\/td>\n<td width=\"375\">\n<p style=\"font-weight: 400;\">RS232 \/ 485,\u00a0TCP \/ IP,\u00a0h\u00f4te USB, Wi-Fi<\/p>\n<\/td>\n<\/tr>\n<tr>\n<td width=\"199\">\n<p style=\"font-weight: 400;\">\u00a0 \u00a0Interface de\u00a0contr\u00f4le d&#8217;\u00a0acc\u00e8s<\/p>\n<\/td>\n<td width=\"375\">\n<p style=\"font-weight: 400;\">3e\u00a0Party\u00a0\u00e9lectrique\u00a0Lock,\u00a0porte\u00a0capteur,\u00a0sortie\u00a0Bouton,\u00a0alarme<\/p>\n<\/td>\n<\/tr>\n<tr>\n<td width=\"199\">\n<p style=\"font-weight: 400;\">\u00a0 \u00a0Wiegand\u00a0Signal<\/p>\n<\/td>\n<td width=\"375\">\n<p style=\"font-weight: 400;\">Entr\u00e9e,\u00a0sortie<\/p>\n<\/td>\n<\/tr>\n<tr>\n<td width=\"199\">\n<p style=\"font-weight: 400;\">\u00a0 \u00a0Aux.\u00a0Contribution<\/p>\n<\/td>\n<td width=\"375\">\n<p style=\"font-weight: 400;\">1ea\u00a0pour la\u00a0fonction de\u00a0liaison<\/p>\n<\/td>\n<\/tr>\n<tr>\n<td width=\"199\">\n<p style=\"font-weight: 400;\">\u00a0 \u00a0Les fonctions<\/p>\n<\/td>\n<td width=\"375\">\n<p style=\"font-weight: 400;\">Heure d&#8217;\u00e9t\u00e9,\u00a0commutateur d&#8217;\u00a0\u00e9tat\u00a0automatique\u00a0,\u00a0requ\u00eate d&#8217;\u00a0enregistrement\u00a0,\u00a0entr\u00e9e\u00a0T9\u00a0,\u00a0ID\u00a0utilisateur\u00a0\u00e0\u00a014\u00a0chiffres\u00a0,\u00a0anti-retour, sonnerie\u00a0programm\u00e9e,\u00a0imprimante (facultatif),\u00a0ADMS (facultatif)<\/p>\n<\/td>\n<\/tr>\n<tr>\n<td width=\"199\">\n<p style=\"font-weight: 400;\">\u00a0 \u00a0Puissance d&#8217;\u00a0alimentation<\/p>\n<\/td>\n<td width=\"375\">\n<p style=\"font-weight: 400;\">12V\u00a0DC, 3A<\/p>\n<\/td>\n<\/tr>\n<tr>\n<td width=\"199\">\n<p style=\"font-weight: 400;\">\u00a0 \u00a0Temp\u00e9rature de\u00a0fonctionnement<\/p>\n<\/td>\n<td width=\"375\">\n<p style=\"font-weight: 400;\">0\u00a0\u2103\u00a0&#8211;\u00a045\u00a00\u00a0\u2103<\/p>\n<\/td>\n<\/tr>\n<tr>\n<td width=\"199\">\n<p style=\"font-weight: 400;\">\u00a0 \u00a0Humidit\u00e9 de\u00a0fonctionnement<\/p>\n<\/td>\n<td width=\"375\">\n<p style=\"font-weight: 400;\">20% \u00e0 80%<\/p>\n<\/td>\n<\/tr>\n<tr>\n<td width=\"199\">\n<p style=\"font-weight: 400;\">\u00a0 Dimension (LxWxH)<\/p>\n<\/td>\n<td width=\"375\">\n<p style=\"font-weight: 400;\">158.5&#215;78.0x19.4mm<\/p>\n<\/td>\n<\/tr>\n<tr>\n<td width=\"199\">\n<p style=\"font-weight: 400;\">\u00a0 SDK\u00a0et\u00a0logiciel<\/p>\n<\/td>\n<td width=\"375\">\n<p style=\"font-weight: 400;\">SDK\u00a0autonome\u00a0,\u00a0logiciel\u00a0ZKAccess3.5<\/p>\n<\/td>\n<\/tr>\n<\/tbody>\n<\/table>\n","protected":false},"excerpt":{"rendered":"<p>F22\u00a0est un terminal de\u00a0contr\u00f4le d&#8217;acc\u00e8s\u00a0et de gestion de l&#8217;acc\u00e8s aux empreintes digitales avec capteur BioID et Wi-Fi, qui offre des performances in\u00e9gal\u00e9es avec un algorithme avanc\u00e9 pour la fiabilit\u00e9, la<\/p>\n","protected":false},"featured_media":7111,"comment_status":"open","ping_status":"closed","template":"","meta":{"_acf_changed":false,"pagelayer_contact_templates":[],"_pagelayer_content":""},"product_brand":[327],"product_cat":[311,312],"product_tag":[],"class_list":{"0":"post-7108","1":"product","2":"type-product","3":"status-publish","4":"has-post-thumbnail","6":"product_brand-zkteco","7":"product_cat-controle-dacces","8":"product_cat-presence-acces","10":"first","11":"instock","12":"shipping-taxable","13":"product-type-simple"},"acf":[],"_links":{"self":[{"href":"https:\/\/mpsmaroc.com\/nos-produits\/wp-json\/wp\/v2\/product\/7108","targetHints":{"allow":["GET"]}}],"collection":[{"href":"https:\/\/mpsmaroc.com\/nos-produits\/wp-json\/wp\/v2\/product"}],"about":[{"href":"https:\/\/mpsmaroc.com\/nos-produits\/wp-json\/wp\/v2\/types\/product"}],"replies":[{"embeddable":true,"href":"https:\/\/mpsmaroc.com\/nos-produits\/wp-json\/wp\/v2\/comments?post=7108"}],"wp:featuredmedia":[{"embeddable":true,"href":"https:\/\/mpsmaroc.com\/nos-produits\/wp-json\/wp\/v2\/media\/7111"}],"wp:attachment":[{"href":"https:\/\/mpsmaroc.com\/nos-produits\/wp-json\/wp\/v2\/media?parent=7108"}],"wp:term":[{"taxonomy":"product_brand","embeddable":true,"href":"https:\/\/mpsmaroc.com\/nos-produits\/wp-json\/wp\/v2\/product_brand?post=7108"},{"taxonomy":"product_cat","embeddable":true,"href":"https:\/\/mpsmaroc.com\/nos-produits\/wp-json\/wp\/v2\/product_cat?post=7108"},{"taxonomy":"product_tag","embeddable":true,"href":"https:\/\/mpsmaroc.com\/nos-produits\/wp-json\/wp\/v2\/product_tag?post=7108"}],"curies":[{"name":"wp","href":"https:\/\/api.w.org\/{rel}","templated":true}]}}