{"id":7066,"date":"2026-01-13T10:36:44","date_gmt":"2026-01-13T10:36:44","guid":{"rendered":"https:\/\/mpsmaroc.com\/nos-produits\/?post_type=product&#038;p=7066"},"modified":"2026-01-13T10:36:44","modified_gmt":"2026-01-13T10:36:44","slug":"k20-zkteco","status":"publish","type":"product","link":"https:\/\/mpsmaroc.com\/nos-produits\/product\/k20-zkteco\/","title":{"rendered":"K20 &#8211; ZKTeco"},"content":{"rendered":"<p style=\"font-weight: 400;\"><b><strong>K20<\/strong><\/b>\u00a0est un terminal biom\u00e9trique IP \u00e9l\u00e9gant et innovant con\u00e7u pour g\u00e9rer l&#8217;assistance des employ\u00e9s et contr\u00f4ler l&#8217;acc\u00e8s d&#8217;une porte.<\/p>\n<p style=\"font-weight: 400;\">Il prend en charge la connexion d&#8217;une serrure \u00e9lectrique et d&#8217;un bouton de sortie en plus d&#8217;\u00eatre \u00e9quip\u00e9 d&#8217;une batterie de secours pour continuer \u00e0 fonctionner en cas de panne de courant.<\/p>\n<p style=\"font-weight: 400;\">Il est possible de le g\u00e9rer sur le r\u00e9seau via son interface TCP \/ IP et il dispose d&#8217;un port USB pour le transfert manuel de donn\u00e9es \u00e0 l&#8217;aide d&#8217;une m\u00e9moire USB ou pour exporter le rapport de support au format Excel.<\/p>\n<p style=\"font-weight: 400;\">Le\u00a0<b><strong>K20<\/strong><\/b>\u00a0int\u00e8gre l&#8217;algorithme d&#8217;identification d&#8217;empreintes digitales le plus rapide et le plus pr\u00e9cis de\u00a0<b><strong>ZKTeco<\/strong><\/b>, offrant d&#8217;excellentes performances, stabilit\u00e9 et fiabilit\u00e9.<\/p>\n<p style=\"font-weight: 400;\"><b><strong>CARACT\u00c9RISTIQUES\u00a0K20\u00a0ZKTECO :<\/strong><\/b><\/p>\n<ul>\n<li style=\"font-weight: 400;\"><b><strong>\u00c9cran<\/strong><\/b>\u00a0TFT 2,8 pouces<\/li>\n<li style=\"font-weight: 400;\"><b><strong>Capacit\u00e9 d&#8217;empreinte<\/strong><\/b>\u00a0500<\/li>\n<li style=\"font-weight: 400;\"><b><strong>Capacit\u00e9 de la carte<\/strong><\/b>\u00a0500 (standard)<\/li>\n<li style=\"font-weight: 400;\"><b><strong>Capacit\u00e9 d&#8217;\u00e9v\u00e9nement<\/strong><\/b>\u00a050 000<\/li>\n<li style=\"font-weight: 400;\"><b><strong>Communication<\/strong><\/b>\u00a0TCP \/ IP, h\u00f4te USB<\/li>\n<li style=\"font-weight: 400;\"><b><strong>Fonctions standard<\/strong><\/b>\u00a0\u00a0Sonnette programm\u00e9e, SMS, Code de travail, Heure d&#8217;\u00e9t\u00e9, Compte-rendu SSR, Recherche en libre-service, Modification automatique du statut, Entr\u00e9e d&#8217;identification T9 \u00e0 9 chiffres, Carte d&#8217;identit\u00e9<\/li>\n<li style=\"font-weight: 400;\"><b><strong>Alimentation<\/strong><\/b>\u00a012V DC 2A<\/li>\n<li style=\"font-weight: 400;\"><b><strong>Temp\u00e9rature de fonctionnement<\/strong><\/b>\u00a00 \u00b0 C \u00e0 45 \u00b0 C<\/li>\n<li style=\"font-weight: 400;\"><b><strong>Humidit\u00e9 de fonctionnement<\/strong><\/b>\u00a020% &#8211; 80%<\/li>\n<li style=\"font-weight: 400;\"><b><strong>Dimensions<\/strong><\/b>\u00a0185 x 140 x 30 mm<\/li>\n<\/ul>\n","protected":false},"excerpt":{"rendered":"<p>K20\u00a0est un terminal biom\u00e9trique IP \u00e9l\u00e9gant et innovant con\u00e7u pour g\u00e9rer l&#8217;assistance des employ\u00e9s et contr\u00f4ler l&#8217;acc\u00e8s d&#8217;une porte. Il prend en charge la connexion d&#8217;une serrure \u00e9lectrique et d&#8217;un<\/p>\n","protected":false},"featured_media":7069,"comment_status":"open","ping_status":"closed","template":"","meta":{"_acf_changed":false,"pagelayer_contact_templates":[],"_pagelayer_content":""},"product_brand":[327],"product_cat":[311,312],"product_tag":[],"class_list":{"0":"post-7066","1":"product","2":"type-product","3":"status-publish","4":"has-post-thumbnail","6":"product_brand-zkteco","7":"product_cat-controle-dacces","8":"product_cat-presence-acces","10":"first","11":"instock","12":"shipping-taxable","13":"product-type-simple"},"acf":[],"_links":{"self":[{"href":"https:\/\/mpsmaroc.com\/nos-produits\/wp-json\/wp\/v2\/product\/7066","targetHints":{"allow":["GET"]}}],"collection":[{"href":"https:\/\/mpsmaroc.com\/nos-produits\/wp-json\/wp\/v2\/product"}],"about":[{"href":"https:\/\/mpsmaroc.com\/nos-produits\/wp-json\/wp\/v2\/types\/product"}],"replies":[{"embeddable":true,"href":"https:\/\/mpsmaroc.com\/nos-produits\/wp-json\/wp\/v2\/comments?post=7066"}],"wp:featuredmedia":[{"embeddable":true,"href":"https:\/\/mpsmaroc.com\/nos-produits\/wp-json\/wp\/v2\/media\/7069"}],"wp:attachment":[{"href":"https:\/\/mpsmaroc.com\/nos-produits\/wp-json\/wp\/v2\/media?parent=7066"}],"wp:term":[{"taxonomy":"product_brand","embeddable":true,"href":"https:\/\/mpsmaroc.com\/nos-produits\/wp-json\/wp\/v2\/product_brand?post=7066"},{"taxonomy":"product_cat","embeddable":true,"href":"https:\/\/mpsmaroc.com\/nos-produits\/wp-json\/wp\/v2\/product_cat?post=7066"},{"taxonomy":"product_tag","embeddable":true,"href":"https:\/\/mpsmaroc.com\/nos-produits\/wp-json\/wp\/v2\/product_tag?post=7066"}],"curies":[{"name":"wp","href":"https:\/\/api.w.org\/{rel}","templated":true}]}}