{"id":6914,"date":"2026-01-12T12:20:02","date_gmt":"2026-01-12T12:20:02","guid":{"rendered":"https:\/\/mpsmaroc.com\/nos-produits\/?post_type=product&#038;p=6914"},"modified":"2026-01-12T12:54:21","modified_gmt":"2026-01-12T12:54:21","slug":"sbt1000s-zkteco","status":"publish","type":"product","link":"https:\/\/mpsmaroc.com\/nos-produits\/product\/sbt1000s-zkteco\/","title":{"rendered":"SBT1000S &#8211; ZKTeco"},"content":{"rendered":"<p style=\"font-weight: 400;\"><b><strong>Tourniquet\u00a0<\/strong><\/b>\u00e0 barri\u00e8re pivotante \u00e0 une voie\u00a0<b><strong>SBT1000S<\/strong><\/b>. Combin\u00e9 avec du mat\u00e9riel de contr\u00f4le m\u00e9canique, \u00e9lectronique, \u00e0 microprocesseur et la technologie RFID. Compte tenu de la disponibilit\u00e9 de diff\u00e9rentes dimensions, la barri\u00e8re pivotante SBT1000S est une solution utile pour fournir un contr\u00f4le d&#8217;acc\u00e8s aux personnes ayant des besoins sp\u00e9ciaux \/ handicap\u00e9s.<\/p>\n<p style=\"font-weight: 400;\">Choix du lecteur (RFID ou empreinte digitale).<\/p>\n<p style=\"font-weight: 400;\">Acier inoxydable SUS304 (SUS316 en option).<\/p>\n<p style=\"font-weight: 400;\">Largeur de passage 90 cm. Bras m\u00e9tallique en option.<\/p>\n<h4><strong>Description:<\/strong><\/h4>\n<p style=\"font-weight: 400;\">Le\u00a0<b><strong>tourniquet<\/strong><\/b>\u00a0\u00e0 barri\u00e8re pivotante \u00e0 une voie\u00a0<b><strong>ZKAccess<\/strong><\/b>\u00a0<b><strong>SBT1000S<\/strong><\/b>\u00a0est un syst\u00e8me de\u00a0<b><strong>contr\u00f4le d&#8217;entr\u00e9e<\/strong><\/b>\u00a0\u00e9conomique et compact con\u00e7u pour les clients ayant besoin d&#8217;une voie large.<\/p>\n<p style=\"font-weight: 400;\">Le\u00a0<b><strong>SBT1000S<\/strong><\/b>\u00a0est une s\u00e9rie de\u00a0<b><strong>tourniquets \u00e0 barri\u00e8re<\/strong><\/b>\u00a0pivotante \u00e0 une voie con\u00e7ue pour un fonctionnement en douceur et silencieux et qui consomme tr\u00e8s peu d&#8217;\u00e9nergie. Il est en acier inoxydable, ce qui rend le\u00a0<b><strong>SBT1000S<\/strong><\/b>\u00a0tr\u00e8s durable.<\/p>\n<p style=\"font-weight: 400;\">Le\u00a0<b><strong>SBT1000S<\/strong><\/b>\u00a0est con\u00e7u pour restreindre l&#8217;acc\u00e8s aux zones pour lesquelles un acc\u00e8s handicap\u00e9 (ADA) est requis. La barri\u00e8re en verre tremp\u00e9\u00a0<b><strong>SBT1000S<\/strong><\/b>\u00a0est normalement maintenue dans une position verrouill\u00e9e, refusant ainsi le passage vers le c\u00f4t\u00e9 s\u00e9curis\u00e9.<\/p>\n<p style=\"font-weight: 400;\">Lorsque le lecteur\u00a0<b><strong>SBT1000S<\/strong><\/b>\u00a0(RFID et \/ ou empreinte digitale) reconna\u00eet positivement la carte d&#8217;acc\u00e8s ou l&#8217;empreinte digitale valide d&#8217;un utilisateur, sa barri\u00e8re s&#8217;ouvre automatiquement, permettant ainsi aux utilisateurs de passer du c\u00f4t\u00e9 s\u00e9curis\u00e9. La configuration standard du\u00a0<b><strong>SBT1000S<\/strong><\/b>\u00a0est livr\u00e9e avec une barri\u00e8re en verre tremp\u00e9.<\/p>\n<p style=\"font-weight: 400;\">\u00a0Cependant, l&#8217;option d&#8217;une barre en acier inoxydable comme barri\u00e8re est \u00e9galement disponible. Le\u00a0<b><strong>SBT1000S<\/strong><\/b>\u00a0offre \u00e0 la fois s\u00e9curit\u00e9 et commodit\u00e9 \u00e0 tous les clients qui ont besoin d&#8217;une voie plus large que celle des\u00a0<b><strong>tourniquets<\/strong><\/b>\u00a0traditionnels.<\/p>\n","protected":false},"excerpt":{"rendered":"<p>Tourniquet\u00a0\u00e0 barri\u00e8re pivotante \u00e0 une voie\u00a0SBT1000S. Combin\u00e9 avec du mat\u00e9riel de contr\u00f4le m\u00e9canique, \u00e9lectronique, \u00e0 microprocesseur et la technologie RFID. Compte tenu de la disponibilit\u00e9 de diff\u00e9rentes dimensions, la barri\u00e8re<\/p>\n","protected":false},"featured_media":6917,"comment_status":"open","ping_status":"closed","template":"","meta":{"_acf_changed":false,"pagelayer_contact_templates":[],"_pagelayer_content":""},"product_brand":[327],"product_cat":[315,316,319],"product_tag":[],"class_list":{"0":"post-6914","1":"product","2":"type-product","3":"status-publish","4":"has-post-thumbnail","6":"product_brand-zkteco","7":"product_cat-acces-presence","8":"product_cat-controle-dentree","9":"product_cat-tourniquets","11":"first","12":"instock","13":"shipping-taxable","14":"product-type-simple"},"acf":[],"_links":{"self":[{"href":"https:\/\/mpsmaroc.com\/nos-produits\/wp-json\/wp\/v2\/product\/6914","targetHints":{"allow":["GET"]}}],"collection":[{"href":"https:\/\/mpsmaroc.com\/nos-produits\/wp-json\/wp\/v2\/product"}],"about":[{"href":"https:\/\/mpsmaroc.com\/nos-produits\/wp-json\/wp\/v2\/types\/product"}],"replies":[{"embeddable":true,"href":"https:\/\/mpsmaroc.com\/nos-produits\/wp-json\/wp\/v2\/comments?post=6914"}],"wp:featuredmedia":[{"embeddable":true,"href":"https:\/\/mpsmaroc.com\/nos-produits\/wp-json\/wp\/v2\/media\/6917"}],"wp:attachment":[{"href":"https:\/\/mpsmaroc.com\/nos-produits\/wp-json\/wp\/v2\/media?parent=6914"}],"wp:term":[{"taxonomy":"product_brand","embeddable":true,"href":"https:\/\/mpsmaroc.com\/nos-produits\/wp-json\/wp\/v2\/product_brand?post=6914"},{"taxonomy":"product_cat","embeddable":true,"href":"https:\/\/mpsmaroc.com\/nos-produits\/wp-json\/wp\/v2\/product_cat?post=6914"},{"taxonomy":"product_tag","embeddable":true,"href":"https:\/\/mpsmaroc.com\/nos-produits\/wp-json\/wp\/v2\/product_tag?post=6914"}],"curies":[{"name":"wp","href":"https:\/\/api.w.org\/{rel}","templated":true}]}}