{"id":6819,"date":"2026-01-12T10:34:22","date_gmt":"2026-01-12T10:34:22","guid":{"rendered":"https:\/\/mpsmaroc.com\/nos-produits\/?post_type=product&#038;p=6819"},"modified":"2026-01-12T10:37:35","modified_gmt":"2026-01-12T10:37:35","slug":"speedface-v5ltd-zkteco","status":"publish","type":"product","link":"https:\/\/mpsmaroc.com\/nos-produits\/product\/speedface-v5ltd-zkteco\/","title":{"rendered":"SpeedFace-V5L[TD] &#8211; ZKTeco"},"content":{"rendered":"<p style=\"font-weight: 400;\"><b><strong>SpeedFace-V5L [TD]<\/strong><\/b>\u00a0est une version enti\u00e8rement am\u00e9lior\u00e9e du terminal de\u00a0<b><strong>reconnaissance faciale<\/strong><\/b>\u00a0\u00e0 lumi\u00e8re visible\u00a0<b><strong>SpeedFace-V5L<\/strong><\/b>, utilisant des algorithmes de reconnaissance faciale d&#8217;ing\u00e9nierie intelligente et la derni\u00e8re technologie de vision par ordinateur.<\/p>\n<p style=\"font-weight: 400;\">SpeedFace-V5L [TD] adopte la technologie de\u00a0<b><strong>reconnaissance sans contact<\/strong><\/b>\u00a0et de nouvelles fonctions \u00e0 savoir la\u00a0<b><strong>d\u00e9tection de temp\u00e9rature<\/strong><\/b>\u00a0et\u00a0<b><strong>l&#8217;identification individuelle masqu\u00e9e\u00a0<\/strong><\/b>qui \u00e9limine efficacement les probl\u00e8mes d&#8217;hygi\u00e8ne.<\/p>\n<p style=\"font-weight: 400;\"><b><strong>CARACT\u00c9RISTIQUES SPEEDFACE-V5L [TD] ZKTeco\u00a0:<\/strong><\/b><\/p>\n<p style=\"font-weight: 400;\">Il prend en charge la v\u00e9rification du visage et de la palme avec une grande capacit\u00e9 et une\u00a0<b><strong>reconnaissance rapide<\/strong><\/b>, tout en am\u00e9liorant les performances de s\u00e9curit\u00e9 dans tous les aspects.<\/p>\n<p style=\"font-weight: 400;\">Il est \u00e9galement \u00e9quip\u00e9 de l&#8217;algorithme antispoofing ultime pour la\u00a0<b><strong>reconnaissance faciale<\/strong><\/b>\u00a0contre presque tous les types de fausses photos et d&#8217;attaques de vid\u00e9os. Surtout, la\u00a0<b><strong>reconnaissance de la palme<\/strong><\/b>\u00a03 en 1 (Palm Shape, Palm Print et Palm Vein) est effectu\u00e9e en 0,35 seconde par main; les donn\u00e9es de palme acquises seront compar\u00e9es \u00e0 un maximum de 3 000 mod\u00e8les de palme.<\/p>\n<p style=\"font-weight: 400;\"><b><strong>Le terminal avec d\u00e9tection de temp\u00e9rature et de masque<\/strong><\/b>\u00a0sera un choix parfait pour aider \u00e0 r\u00e9duire la propagation des germes et aider \u00e0 pr\u00e9venir les infections directement \u00e0 chaque\u00a0<b><strong>point d&#8217;acc\u00e8s<\/strong><\/b>\u00a0de tous les locaux et espaces publics tels que les h\u00f4pitaux, les usines, les \u00e9coles, les b\u00e2timents commerciaux, les stations au cours de la r\u00e9cente probl\u00e8me de sant\u00e9 publique avec sa mesure rapide et pr\u00e9cise de la temp\u00e9rature corporelle et ses fonctions d&#8217;identification individuelle masqu\u00e9es lors de la v\u00e9rification du visage et de la palme.<\/p>\n","protected":false},"excerpt":{"rendered":"<p>SpeedFace-V5L [TD]\u00a0est une version enti\u00e8rement am\u00e9lior\u00e9e du terminal de\u00a0reconnaissance faciale\u00a0\u00e0 lumi\u00e8re visible\u00a0SpeedFace-V5L, utilisant des algorithmes de reconnaissance faciale d&#8217;ing\u00e9nierie intelligente et la derni\u00e8re technologie de vision par ordinateur. SpeedFace-V5L [TD]<\/p>\n","protected":false},"featured_media":6822,"comment_status":"open","ping_status":"closed","template":"","meta":{"_acf_changed":false,"pagelayer_contact_templates":[],"_pagelayer_content":""},"product_brand":[327],"product_cat":[315,316,322],"product_tag":[],"class_list":{"0":"post-6819","1":"product","2":"type-product","3":"status-publish","4":"has-post-thumbnail","6":"product_brand-zkteco","7":"product_cat-acces-presence","8":"product_cat-controle-dentree","9":"product_cat-detection-de-temperature","11":"first","12":"instock","13":"shipping-taxable","14":"product-type-simple"},"acf":[],"_links":{"self":[{"href":"https:\/\/mpsmaroc.com\/nos-produits\/wp-json\/wp\/v2\/product\/6819","targetHints":{"allow":["GET"]}}],"collection":[{"href":"https:\/\/mpsmaroc.com\/nos-produits\/wp-json\/wp\/v2\/product"}],"about":[{"href":"https:\/\/mpsmaroc.com\/nos-produits\/wp-json\/wp\/v2\/types\/product"}],"replies":[{"embeddable":true,"href":"https:\/\/mpsmaroc.com\/nos-produits\/wp-json\/wp\/v2\/comments?post=6819"}],"wp:featuredmedia":[{"embeddable":true,"href":"https:\/\/mpsmaroc.com\/nos-produits\/wp-json\/wp\/v2\/media\/6822"}],"wp:attachment":[{"href":"https:\/\/mpsmaroc.com\/nos-produits\/wp-json\/wp\/v2\/media?parent=6819"}],"wp:term":[{"taxonomy":"product_brand","embeddable":true,"href":"https:\/\/mpsmaroc.com\/nos-produits\/wp-json\/wp\/v2\/product_brand?post=6819"},{"taxonomy":"product_cat","embeddable":true,"href":"https:\/\/mpsmaroc.com\/nos-produits\/wp-json\/wp\/v2\/product_cat?post=6819"},{"taxonomy":"product_tag","embeddable":true,"href":"https:\/\/mpsmaroc.com\/nos-produits\/wp-json\/wp\/v2\/product_tag?post=6819"}],"curies":[{"name":"wp","href":"https:\/\/api.w.org\/{rel}","templated":true}]}}