{"id":6813,"date":"2026-01-12T10:27:50","date_gmt":"2026-01-12T10:27:50","guid":{"rendered":"https:\/\/mpsmaroc.com\/nos-produits\/?post_type=product&#038;p=6813"},"modified":"2026-01-12T10:31:02","modified_gmt":"2026-01-12T10:31:02","slug":"proface-x-td-zkteco","status":"publish","type":"product","link":"https:\/\/mpsmaroc.com\/nos-produits\/product\/proface-x-td-zkteco\/","title":{"rendered":"ProFace X [TD] &#8211; ZKTeco"},"content":{"rendered":"<p><b>ProFace X<\/b>\u00a0[TD] est une version enti\u00e8rement mise \u00e0 niveau de la gamme de produits\u00a0<b>ProFace<\/b>, qui est con\u00e7ue pour g\u00e9rer toutes sortes de sc\u00e9narios. Propuls\u00e9 par le processeur personnalis\u00e9\u00a0<b>ZKTeco<\/b>\u00a0pour ex\u00e9cuter l&#8217;algorithme de reconnaissance faciale de l&#8217;ing\u00e9nierie intellectualis\u00e9e et la derni\u00e8re technologie de vision par ordinateur,\u00a0<b>ProFace X [TD]<\/b>\u00a0prend en charge la v\u00e9rification faciale et palmaire avec une grande capacit\u00e9 et une vitesse de reconnaissance rapide, am\u00e9liorant les performances de s\u00e9curit\u00e9 dans tous les aspects.<\/p>\n<p style=\"font-weight: 400;\"><b><strong>CARACT\u00c9RISTIQUES PROFACE X TD ZKTeco\u00a0:<\/strong><\/b><\/p>\n<p style=\"font-weight: 400;\">La capacit\u00e9 de\u00a0<b><strong>reconnaissance faciale<\/strong><\/b>\u00a0a atteint un nouveau sommet dans l&#8217;industrie des technologies\u00a0<b><strong>biom\u00e9triques<\/strong><\/b>\u00a0avec un maximum de 50000 mod\u00e8les de visage, une\u00a0<b><strong>vitesse de reconnaissance<\/strong><\/b>\u00a0inf\u00e9rieure \u00e0 0,3 seconde par visage et une capacit\u00e9 anti-usurpation ultime contre presque tous les types d&#8217;attaques de fausses photos et vid\u00e9os.<\/p>\n<p style=\"font-weight: 400;\">De plus, la\u00a0<b><strong>reconnaissance de la palme<\/strong><\/b>\u00a03 en 1 (Palm Shape, Palm Print et Palm Vein) est effectu\u00e9e en 0,35 seconde par main; les donn\u00e9es de paume acquises seront compar\u00e9es \u00e0 un maximum de 5 000 mod\u00e8les de palme.<\/p>\n<p style=\"font-weight: 400;\">Comme mentionn\u00e9 ci-dessus,\u00a0<b><strong>ProFace X [TD]<\/strong><\/b>\u00a0peut \u00e9galement contribuer \u00e0 r\u00e9duire le risque d&#8217;infection et de propagation de germes lors du r\u00e9cent probl\u00e8me de sant\u00e9 publique mondial. Le permet une mesure rapide et pr\u00e9cise de\u00a0<b><strong>la temp\u00e9rature corporelle<\/strong><\/b>\u00a0et une\u00a0<b><strong>identification individuelle masqu\u00e9e<\/strong><\/b>\u00a0lors de la v\u00e9rification du visage et de la palme de la main \u00e0 tous les points\u00a0<b><strong>d&#8217;acc\u00e8s<\/strong><\/b>, en particulier dans les h\u00f4pitaux, les usines, les \u00e9coles, les b\u00e2timents commerciaux, les a\u00e9roports, les gares et autres espaces publics.<\/p>\n","protected":false},"excerpt":{"rendered":"<p>ProFace X\u00a0[TD] est une version enti\u00e8rement mise \u00e0 niveau de la gamme de produits\u00a0ProFace, qui est con\u00e7ue pour g\u00e9rer toutes sortes de sc\u00e9narios. Propuls\u00e9 par le processeur personnalis\u00e9\u00a0ZKTeco\u00a0pour ex\u00e9cuter l&#8217;algorithme<\/p>\n","protected":false},"featured_media":6817,"comment_status":"open","ping_status":"closed","template":"","meta":{"_acf_changed":false,"pagelayer_contact_templates":[],"_pagelayer_content":""},"product_brand":[327],"product_cat":[315,316,322],"product_tag":[],"class_list":{"0":"post-6813","1":"product","2":"type-product","3":"status-publish","4":"has-post-thumbnail","6":"product_brand-zkteco","7":"product_cat-acces-presence","8":"product_cat-controle-dentree","9":"product_cat-detection-de-temperature","11":"first","12":"instock","13":"shipping-taxable","14":"product-type-simple"},"acf":[],"_links":{"self":[{"href":"https:\/\/mpsmaroc.com\/nos-produits\/wp-json\/wp\/v2\/product\/6813","targetHints":{"allow":["GET"]}}],"collection":[{"href":"https:\/\/mpsmaroc.com\/nos-produits\/wp-json\/wp\/v2\/product"}],"about":[{"href":"https:\/\/mpsmaroc.com\/nos-produits\/wp-json\/wp\/v2\/types\/product"}],"replies":[{"embeddable":true,"href":"https:\/\/mpsmaroc.com\/nos-produits\/wp-json\/wp\/v2\/comments?post=6813"}],"wp:featuredmedia":[{"embeddable":true,"href":"https:\/\/mpsmaroc.com\/nos-produits\/wp-json\/wp\/v2\/media\/6817"}],"wp:attachment":[{"href":"https:\/\/mpsmaroc.com\/nos-produits\/wp-json\/wp\/v2\/media?parent=6813"}],"wp:term":[{"taxonomy":"product_brand","embeddable":true,"href":"https:\/\/mpsmaroc.com\/nos-produits\/wp-json\/wp\/v2\/product_brand?post=6813"},{"taxonomy":"product_cat","embeddable":true,"href":"https:\/\/mpsmaroc.com\/nos-produits\/wp-json\/wp\/v2\/product_cat?post=6813"},{"taxonomy":"product_tag","embeddable":true,"href":"https:\/\/mpsmaroc.com\/nos-produits\/wp-json\/wp\/v2\/product_tag?post=6813"}],"curies":[{"name":"wp","href":"https:\/\/api.w.org\/{rel}","templated":true}]}}