{"id":6607,"date":"2025-12-30T12:28:08","date_gmt":"2025-12-30T12:28:08","guid":{"rendered":"https:\/\/mpsmaroc.com\/nos-produits\/?post_type=product&#038;p=6607"},"modified":"2025-12-30T12:28:09","modified_gmt":"2025-12-30T12:28:09","slug":"longse-bpscfc2r-camera-reseau-fixe-exterieure-eco-series-2mp","status":"publish","type":"product","link":"https:\/\/mpsmaroc.com\/nos-produits\/product\/longse-bpscfc2r-camera-reseau-fixe-exterieure-eco-series-2mp\/","title":{"rendered":"Longse BPSCFC2R \u2013 Cam\u00e9ra r\u00e9seau fixe ext\u00e9rieure Eco Series 2MP"},"content":{"rendered":"<h3 class=\"woocommerce-products-header__title title page-title\">Longse BPSCFC2R \u2013 Cam\u00e9ra r\u00e9seau fixe ext\u00e9rieure Eco Series 2MP<\/h3>\n<div class=\"column mcb-column mcb-item-1zwh2feof one laptop-one tablet-one mobile-one column_heading\">\n<div class=\"mcb-column-inner mfn-module-wrapper mcb-column-inner-1zwh2feof mcb-item-heading-inner\">\n<h4 class=\"title\">Description Produit<\/h4>\n<\/div>\n<\/div>\n<div class=\"column mcb-column mcb-item-2bae81404 one laptop-one tablet-one mobile-one column_product_content\">\n<div class=\"mcb-column-inner mfn-module-wrapper mcb-column-inner-2bae81404 mcb-item-product_content-inner\">\n<div class=\"woocommerce-product-details__description\">\n<section class=\"section mcb-section the_content has_content\">\n<div class=\"section_wrapper\">\n<div class=\"the_content_wrapper \">\n<p data-sourcepos=\"10:1-10:465\">Longse BPSCFC2R \u2013 Cam\u00e9ra r\u00e9seau fixe ext\u00e9rieure Eco Series 2MP est une solution de surveillance vid\u00e9o ext\u00e9rieure performante et abordable. Cette cam\u00e9ra IP Longse offre une qualit\u00e9 d\u2019image nette et pr\u00e9cise gr\u00e2ce \u00e0 son capteur CMOS 1\/3\u2033 et sa r\u00e9solution 2MP (1920\u00d71080). Son format \u00ab\u00a0bullet\u00a0\u00bb la rend discr\u00e8te et facile \u00e0 installer, id\u00e9ale pour la surveillance de votre maison, de votre commerce ou de tout autre espace ext\u00e9rieur n\u00e9cessitant une surveillance fiable.<\/p>\n<p data-sourcepos=\"12:1-12:477\">La Longse BPSCFC2R \u2013 Cam\u00e9ra r\u00e9seau fixe ext\u00e9rieure Eco Series 2MP assure une surveillance continue, de jour comme de nuit. Son illumination minimale de 0.04 Lux en couleur et sa vision nocturne infrarouge jusqu\u2019\u00e0 25 m\u00e8tres permettent une surveillance efficace m\u00eame dans des conditions de faible luminosit\u00e9. Son bo\u00eetier en plastique avec indice de protection IP66 la prot\u00e8ge contre les intemp\u00e9ries (poussi\u00e8re, pluie, etc.), assurant une durabilit\u00e9 et une fiabilit\u00e9 \u00e0 long terme.<\/p>\n<p data-sourcepos=\"14:1-14:608\">Cette cam\u00e9ra Longse supporte les codecs de compression H.264 et H.265, optimisant l\u2019espace de stockage et la bande passante sans compromettre la qualit\u00e9 de l\u2019image. La fonction DWDR (Digital Wide Dynamic Range) permet d\u2019obtenir des images claires et \u00e9quilibr\u00e9es, m\u00eame dans des environnements avec de forts contrastes lumineux. La d\u00e9tection de mouvement bas\u00e9e sur la d\u00e9tection humaine minimise les fausses alertes, am\u00e9liorant ainsi l\u2019efficacit\u00e9 de la surveillance. La Longse BPSCFC2R \u2013 Cam\u00e9ra r\u00e9seau fixe ext\u00e9rieure Eco Series 2MP est un choix judicieux pour une surveillance ext\u00e9rieure fiable et performante.<\/p>\n<p data-sourcepos=\"16:1-16:33\"><strong>Caract\u00e9ristiques techniques :<\/strong><\/p>\n<ul data-sourcepos=\"18:1-35:0\">\n<li data-sourcepos=\"18:1-18:52\"><strong>Capteur d\u2019image :<\/strong>\u00a0CMOS 1\/3\u2033 Progressive Scan<\/li>\n<li data-sourcepos=\"19:1-19:36\"><strong>R\u00e9solution :<\/strong>\u00a02MP (1920\u00d71080)<\/li>\n<li data-sourcepos=\"20:1-20:54\"><strong>Compression vid\u00e9o :<\/strong>\u00a0H.264\/H.265\/JPEG\/AVI\/MJPEG<\/li>\n<li data-sourcepos=\"21:1-21:81\"><strong>Illumination minimale :<\/strong>\u00a00.04 Lux (Couleur), 0 Lux avec IR (Noir et Blanc)<\/li>\n<li data-sourcepos=\"22:1-22:39\"><strong>Distance infrarouge :<\/strong>\u00a025 m\u00e8tres<\/li>\n<li data-sourcepos=\"23:1-23:116\"><strong>Objectif :<\/strong>\u00a0Fixe, 2.8mm (FOV horizontal 95\u00b0), 4mm (FOV horizontal 73\u00b0), ou 6mm (FOV horizontal 48\u00b0) optionnel<\/li>\n<li data-sourcepos=\"24:1-24:35\"><strong>Indice de protection :<\/strong>\u00a0IP66<\/li>\n<li data-sourcepos=\"25:1-25:23\"><strong>DWDR :<\/strong>\u00a0Support\u00e9<\/li>\n<li data-sourcepos=\"26:1-26:75\"><strong>D\u00e9tection de mouvement :<\/strong>\u00a0Support\u00e9e (bas\u00e9e sur la d\u00e9tection humaine)<\/li>\n<li data-sourcepos=\"27:1-27:32\"><strong>Alimentation :<\/strong>\u00a0DC12V\u00b110%<\/li>\n<li data-sourcepos=\"28:1-28:51\"><strong>Temp\u00e9rature de fonctionnement :<\/strong>\u00a0-20\u2103 ~ +50\u2103<\/li>\n<li data-sourcepos=\"29:1-29:49\"><strong>Dimensions :<\/strong>\u00a0174(W) x 67.9(H) x 69.8(D)mm<\/li>\n<li data-sourcepos=\"30:1-30:20\"><strong>Poids :<\/strong>\u00a0295g<\/li>\n<li data-sourcepos=\"31:1-31:50\"><strong>Connectivit\u00e9 r\u00e9seau :<\/strong>\u00a0RJ-45 (10\/100Base-T)<\/li>\n<li data-sourcepos=\"32:1-32:131\"><strong>Protocoles r\u00e9seau :<\/strong>\u00a0TCP\/IP, IPv4\/v6, ICMP, HTTP, HTTPS, FTP, DHCP, DNS, DDNS, RTP, RTSP, PPPoE, NTP, SMTP, UDP, QoS, 802.1x<\/li>\n<li data-sourcepos=\"33:1-33:38\"><strong>ONVIF :<\/strong>\u00a0Support\u00e9 (Profile S\/T)<\/li>\n<li data-sourcepos=\"34:1-35:0\"><strong>POE :<\/strong>\u00a0Interne, Support IEEE 802.3af<\/li>\n<\/ul>\n<\/div>\n<\/div>\n<\/section>\n<\/div>\n<\/div>\n<\/div>\n","protected":false},"excerpt":{"rendered":"<p>Longse BPSCFC2R \u2013 Cam\u00e9ra r\u00e9seau fixe ext\u00e9rieure Eco Series 2MP Description Produit Longse BPSCFC2R \u2013 Cam\u00e9ra r\u00e9seau fixe ext\u00e9rieure Eco Series 2MP est une solution de surveillance vid\u00e9o ext\u00e9rieure performante<\/p>\n","protected":false},"featured_media":6610,"comment_status":"open","ping_status":"closed","template":"","meta":{"_acf_changed":false,"pagelayer_contact_templates":[],"_pagelayer_content":""},"product_brand":[236],"product_cat":[295,294],"product_tag":[],"class_list":{"0":"post-6607","1":"product","2":"type-product","3":"status-publish","4":"has-post-thumbnail","6":"product_brand-longse","7":"product_cat-cameras-ip","8":"product_cat-videosurveillance-maroc","10":"first","11":"instock","12":"shipping-taxable","13":"product-type-simple"},"acf":[],"_links":{"self":[{"href":"https:\/\/mpsmaroc.com\/nos-produits\/wp-json\/wp\/v2\/product\/6607","targetHints":{"allow":["GET"]}}],"collection":[{"href":"https:\/\/mpsmaroc.com\/nos-produits\/wp-json\/wp\/v2\/product"}],"about":[{"href":"https:\/\/mpsmaroc.com\/nos-produits\/wp-json\/wp\/v2\/types\/product"}],"replies":[{"embeddable":true,"href":"https:\/\/mpsmaroc.com\/nos-produits\/wp-json\/wp\/v2\/comments?post=6607"}],"wp:featuredmedia":[{"embeddable":true,"href":"https:\/\/mpsmaroc.com\/nos-produits\/wp-json\/wp\/v2\/media\/6610"}],"wp:attachment":[{"href":"https:\/\/mpsmaroc.com\/nos-produits\/wp-json\/wp\/v2\/media?parent=6607"}],"wp:term":[{"taxonomy":"product_brand","embeddable":true,"href":"https:\/\/mpsmaroc.com\/nos-produits\/wp-json\/wp\/v2\/product_brand?post=6607"},{"taxonomy":"product_cat","embeddable":true,"href":"https:\/\/mpsmaroc.com\/nos-produits\/wp-json\/wp\/v2\/product_cat?post=6607"},{"taxonomy":"product_tag","embeddable":true,"href":"https:\/\/mpsmaroc.com\/nos-produits\/wp-json\/wp\/v2\/product_tag?post=6607"}],"curies":[{"name":"wp","href":"https:\/\/api.w.org\/{rel}","templated":true}]}}