{"id":6356,"date":"2025-12-29T11:13:36","date_gmt":"2025-12-29T11:13:36","guid":{"rendered":"https:\/\/mpsmaroc.com\/nos-produits\/?post_type=product&#038;p=6356"},"modified":"2026-01-06T09:59:55","modified_gmt":"2026-01-06T09:59:55","slug":"haut-parleur-de-plafond-stereo-20-w-8-ohms","status":"publish","type":"product","link":"https:\/\/mpsmaroc.com\/nos-produits\/product\/haut-parleur-de-plafond-stereo-20-w-8-ohms\/","title":{"rendered":"Haut-parleur de plafond st\u00e9r\u00e9o 20 W 8 ohms"},"content":{"rendered":"<h3 class=\"woocommerce-products-header__title title page-title\">Haut-parleur de plafond st\u00e9r\u00e9o 20 W 8 ohms<\/h3>\n<p>Haut-parleur de plafond st\u00e9r\u00e9o 20 W 8 ohms<\/p>\n<p>R\u00e9f:AUX167II<\/p>\n<p>Haut-parleur de plafond coaxial<br \/>\n20W\/8\u03a9, 50-18KHz, 90\u00d7\u0424228mm<\/p>\n","protected":false},"excerpt":{"rendered":"<p>Haut-parleur de plafond st\u00e9r\u00e9o 20 W 8 ohms Haut-parleur de plafond st\u00e9r\u00e9o 20 W 8 ohms R\u00e9f:AUX167II Haut-parleur de plafond coaxial 20W\/8\u03a9, 50-18KHz, 90\u00d7\u0424228mm<\/p>\n","protected":false},"featured_media":6359,"comment_status":"open","ping_status":"closed","template":"","meta":{"_acf_changed":false,"pagelayer_contact_templates":[],"_pagelayer_content":""},"product_brand":[237],"product_cat":[290,289],"product_tag":[],"class_list":{"0":"post-6356","1":"product","2":"type-product","3":"status-publish","4":"has-post-thumbnail","6":"product_brand-dsspa","7":"product_cat-hauts-parleurs","8":"product_cat-sonorisation","10":"first","11":"instock","12":"sale","13":"shipping-taxable","14":"purchasable","15":"product-type-simple"},"acf":[],"_links":{"self":[{"href":"https:\/\/mpsmaroc.com\/nos-produits\/wp-json\/wp\/v2\/product\/6356","targetHints":{"allow":["GET"]}}],"collection":[{"href":"https:\/\/mpsmaroc.com\/nos-produits\/wp-json\/wp\/v2\/product"}],"about":[{"href":"https:\/\/mpsmaroc.com\/nos-produits\/wp-json\/wp\/v2\/types\/product"}],"replies":[{"embeddable":true,"href":"https:\/\/mpsmaroc.com\/nos-produits\/wp-json\/wp\/v2\/comments?post=6356"}],"wp:featuredmedia":[{"embeddable":true,"href":"https:\/\/mpsmaroc.com\/nos-produits\/wp-json\/wp\/v2\/media\/6359"}],"wp:attachment":[{"href":"https:\/\/mpsmaroc.com\/nos-produits\/wp-json\/wp\/v2\/media?parent=6356"}],"wp:term":[{"taxonomy":"product_brand","embeddable":true,"href":"https:\/\/mpsmaroc.com\/nos-produits\/wp-json\/wp\/v2\/product_brand?post=6356"},{"taxonomy":"product_cat","embeddable":true,"href":"https:\/\/mpsmaroc.com\/nos-produits\/wp-json\/wp\/v2\/product_cat?post=6356"},{"taxonomy":"product_tag","embeddable":true,"href":"https:\/\/mpsmaroc.com\/nos-produits\/wp-json\/wp\/v2\/product_tag?post=6356"}],"curies":[{"name":"wp","href":"https:\/\/api.w.org\/{rel}","templated":true}]}}