{"id":6348,"date":"2025-12-29T11:01:58","date_gmt":"2025-12-29T11:01:58","guid":{"rendered":"https:\/\/mpsmaroc.com\/nos-produits\/?post_type=product&#038;p=6348"},"modified":"2026-01-06T09:40:51","modified_gmt":"2026-01-06T09:40:51","slug":"mini-amplificateur-melangeur-numerique-250-w","status":"publish","type":"product","link":"https:\/\/mpsmaroc.com\/nos-produits\/product\/mini-amplificateur-melangeur-numerique-250-w\/","title":{"rendered":"Mini amplificateur m\u00e9langeur num\u00e9rique 250 W"},"content":{"rendered":"<h3 class=\"woocommerce-products-header__title title page-title\">Mini amplificateur m\u00e9langeur num\u00e9rique 250 W avec USB et Bluetooth<\/h3>\n<p>Mini amplificateur m\u00e9langeur num\u00e9rique 250 W<\/p>\n<p>R\u00e9f:MP250UB<\/p>\n<p>\u25cf Conception \u00e0 la mode, taille 1.5U<br \/>\n\u25cf 70\u00a0V\/100\u00a0V et 4\u00a0-16\u00a0ohms, puissance nominale\u00a0: 35\u00a0W\/60\u00a0W\/120\u00a0W\/250\u00a0W<br \/>\n\u25cf Lecteur MP3 int\u00e9gr\u00e9, radio FM et Bluetooth avec t\u00e9l\u00e9commande.<br \/>\n\u25cf 2 entr\u00e9es MIC (1 MIC 6,3 mm et 2 XLR MIC), 1 entr\u00e9e EMC, 2 entr\u00e9es ligne, 1 sortie ligne.<br \/>\n\u25cf Module d\u2019amplificateur de classe D int\u00e9gr\u00e9 et puissance de commutation, avec technologie de transformateur 100 V\/70 V.<br \/>\n\u25cf Contr\u00f4le de volume individuel pour Mic 1-3, ligne 1-2, Mp3\/FM, graves\/aigus et contr\u00f4le de volume principal.<br \/>\n\u25cf Prend en charge l\u2019alimentation AC100-240V et DC 24V.<br \/>\n\u25cf Priorit\u00e9 : EMC &gt; MIC1 &gt; autres.<br \/>\n\u25cf Indicateurs LED pour l\u2019alimentation, l\u2019\u00e9cr\u00eatage, la protection et le signal.<\/p>\n<p>Mini amplificateur m\u00e9langeur num\u00e9rique 250 W<\/p>\n","protected":false},"excerpt":{"rendered":"<p>Mini amplificateur m\u00e9langeur num\u00e9rique 250 W avec USB et Bluetooth Mini amplificateur m\u00e9langeur num\u00e9rique 250 W R\u00e9f:MP250UB \u25cf Conception \u00e0 la mode, taille 1.5U \u25cf 70\u00a0V\/100\u00a0V et 4\u00a0-16\u00a0ohms, puissance nominale\u00a0:<\/p>\n","protected":false},"featured_media":6351,"comment_status":"open","ping_status":"closed","template":"","meta":{"_acf_changed":false,"pagelayer_contact_templates":[],"_pagelayer_content":""},"product_brand":[237],"product_cat":[292,289],"product_tag":[],"class_list":{"0":"post-6348","1":"product","2":"type-product","3":"status-publish","4":"has-post-thumbnail","6":"product_brand-dsspa","7":"product_cat-amplificateurs","8":"product_cat-sonorisation","10":"first","11":"instock","12":"sale","13":"shipping-taxable","14":"purchasable","15":"product-type-simple"},"acf":[],"_links":{"self":[{"href":"https:\/\/mpsmaroc.com\/nos-produits\/wp-json\/wp\/v2\/product\/6348","targetHints":{"allow":["GET"]}}],"collection":[{"href":"https:\/\/mpsmaroc.com\/nos-produits\/wp-json\/wp\/v2\/product"}],"about":[{"href":"https:\/\/mpsmaroc.com\/nos-produits\/wp-json\/wp\/v2\/types\/product"}],"replies":[{"embeddable":true,"href":"https:\/\/mpsmaroc.com\/nos-produits\/wp-json\/wp\/v2\/comments?post=6348"}],"wp:featuredmedia":[{"embeddable":true,"href":"https:\/\/mpsmaroc.com\/nos-produits\/wp-json\/wp\/v2\/media\/6351"}],"wp:attachment":[{"href":"https:\/\/mpsmaroc.com\/nos-produits\/wp-json\/wp\/v2\/media?parent=6348"}],"wp:term":[{"taxonomy":"product_brand","embeddable":true,"href":"https:\/\/mpsmaroc.com\/nos-produits\/wp-json\/wp\/v2\/product_brand?post=6348"},{"taxonomy":"product_cat","embeddable":true,"href":"https:\/\/mpsmaroc.com\/nos-produits\/wp-json\/wp\/v2\/product_cat?post=6348"},{"taxonomy":"product_tag","embeddable":true,"href":"https:\/\/mpsmaroc.com\/nos-produits\/wp-json\/wp\/v2\/product_tag?post=6348"}],"curies":[{"name":"wp","href":"https:\/\/api.w.org\/{rel}","templated":true}]}}