{"id":6311,"date":"2025-12-29T10:26:44","date_gmt":"2025-12-29T10:26:44","guid":{"rendered":"https:\/\/mpsmaroc.com\/nos-produits\/?post_type=product&#038;p=6311"},"modified":"2026-01-06T09:44:29","modified_gmt":"2026-01-06T09:44:29","slug":"haut-parleur-de-colonne-etanche-exterieur","status":"publish","type":"product","link":"https:\/\/mpsmaroc.com\/nos-produits\/product\/haut-parleur-de-colonne-etanche-exterieur\/","title":{"rendered":"Haut-parleur de colonne \u00e9tanche ext\u00e9rieur 8-60W"},"content":{"rendered":"<h3 class=\"woocommerce-products-header__title title page-title\">\u00a0Haut-parleur de colonne \u00e9tanche ext\u00e9rieur<\/h3>\n<h3 class=\"woocommerce-products-header__title title page-title\">70v\/100v\/8Ohm 8-60W<\/h3>\n<p>R\u00e9f:DSP455II<\/p>\n<p>\u25cf Design ext\u00e9rieur, unit\u00e9 \u00e9tanche, convient pour l\u2019ext\u00e9rieur et l\u2019int\u00e9rieur.<br \/>\n\u25cf Apparence petite et \u00e9l\u00e9gante, convient \u00e0 tout type de lieu de d\u00e9coration.<br \/>\n\u25cf Avec Power Ta, puissance r\u00e9glable, libre choix du mode d\u2019entr\u00e9e.<br \/>\n\u25cf Bo\u00eete en alliage d\u2019aluminium solide, pas facile \u00e0 d\u00e9former et \u00e0 rouiller.<br \/>\n\u25cf Transformateur audio en fil de cuivre pur de type E pour assurer la fid\u00e9lit\u00e9 de la sortie audio.<br \/>\n\u25cf \u00c9quip\u00e9 d\u2019un support de montage multifonctionnel, installation pratique<\/p>\n","protected":false},"excerpt":{"rendered":"<p>\u00a0Haut-parleur de colonne \u00e9tanche ext\u00e9rieur 70v\/100v\/8Ohm 8-60W R\u00e9f:DSP455II \u25cf Design ext\u00e9rieur, unit\u00e9 \u00e9tanche, convient pour l\u2019ext\u00e9rieur et l\u2019int\u00e9rieur. \u25cf Apparence petite et \u00e9l\u00e9gante, convient \u00e0 tout type de lieu de<\/p>\n","protected":false},"featured_media":6314,"comment_status":"open","ping_status":"closed","template":"","meta":{"_acf_changed":false,"pagelayer_contact_templates":[],"_pagelayer_content":""},"product_brand":[237],"product_cat":[290,289],"product_tag":[],"class_list":{"0":"post-6311","1":"product","2":"type-product","3":"status-publish","4":"has-post-thumbnail","6":"product_brand-dsspa","7":"product_cat-hauts-parleurs","8":"product_cat-sonorisation","10":"first","11":"instock","12":"sale","13":"shipping-taxable","14":"purchasable","15":"product-type-simple"},"acf":[],"_links":{"self":[{"href":"https:\/\/mpsmaroc.com\/nos-produits\/wp-json\/wp\/v2\/product\/6311","targetHints":{"allow":["GET"]}}],"collection":[{"href":"https:\/\/mpsmaroc.com\/nos-produits\/wp-json\/wp\/v2\/product"}],"about":[{"href":"https:\/\/mpsmaroc.com\/nos-produits\/wp-json\/wp\/v2\/types\/product"}],"replies":[{"embeddable":true,"href":"https:\/\/mpsmaroc.com\/nos-produits\/wp-json\/wp\/v2\/comments?post=6311"}],"wp:featuredmedia":[{"embeddable":true,"href":"https:\/\/mpsmaroc.com\/nos-produits\/wp-json\/wp\/v2\/media\/6314"}],"wp:attachment":[{"href":"https:\/\/mpsmaroc.com\/nos-produits\/wp-json\/wp\/v2\/media?parent=6311"}],"wp:term":[{"taxonomy":"product_brand","embeddable":true,"href":"https:\/\/mpsmaroc.com\/nos-produits\/wp-json\/wp\/v2\/product_brand?post=6311"},{"taxonomy":"product_cat","embeddable":true,"href":"https:\/\/mpsmaroc.com\/nos-produits\/wp-json\/wp\/v2\/product_cat?post=6311"},{"taxonomy":"product_tag","embeddable":true,"href":"https:\/\/mpsmaroc.com\/nos-produits\/wp-json\/wp\/v2\/product_tag?post=6311"}],"curies":[{"name":"wp","href":"https:\/\/api.w.org\/{rel}","templated":true}]}}