{"id":5719,"date":"2025-12-16T17:27:04","date_gmt":"2025-12-16T17:27:04","guid":{"rendered":"https:\/\/mpsmaroc.com\/nos-produits\/?post_type=product&#038;p=5719"},"modified":"2025-12-16T17:45:34","modified_gmt":"2025-12-16T17:45:34","slug":"zkb105","status":"publish","type":"product","link":"https:\/\/mpsmaroc.com\/nos-produits\/product\/zkb105\/","title":{"rendered":"ZKB105 &#8211; ZKTeco"},"content":{"rendered":"<p>ZKB105<\/p>\n<p style=\"font-weight: 400;\">Avec des capacit\u00e9s de num\u00e9risation agressives et une large plage de travail, les mod\u00e8les\u00a0<b><strong>ZKB104<\/strong><\/b>\u00a0et\u00a0<b><strong>ZKB105<\/strong><\/b>\u00a0saisissent avec pr\u00e9cision les donn\u00e9es rapidement, aidant ainsi les employ\u00e9s \u00e0 travailler rapidement et efficacement.<\/p>\n<p style=\"font-weight: 400;\">Num\u00e9risation sur une seule ligne avec fonction plug-and-play, vitesse de num\u00e9risation am\u00e9lior\u00e9e et connexion USB prise en charge.<\/p>\n<p style=\"font-weight: 400;\">Connexion USB c\u00e2bl\u00e9e.<\/p>\n<p style=\"font-weight: 400;\">Lecteur laser \/ CCD rouge 32 bits.<\/p>\n<h4 style=\"font-weight: 400;\">Convient \u00e0 tous les types de syst\u00e8mes de points de vente.<\/h4>\n","protected":false},"excerpt":{"rendered":"<p>ZKB105 Avec des capacit\u00e9s de num\u00e9risation agressives et une large plage de travail, les mod\u00e8les\u00a0ZKB104\u00a0et\u00a0ZKB105\u00a0saisissent avec pr\u00e9cision les donn\u00e9es rapidement, aidant ainsi les employ\u00e9s \u00e0 travailler rapidement et efficacement. Num\u00e9risation<\/p>\n","protected":false},"featured_media":5722,"comment_status":"open","ping_status":"closed","template":"","meta":{"_acf_changed":false,"pagelayer_contact_templates":[],"_pagelayer_content":""},"product_brand":[327],"product_cat":[323,326,330],"product_tag":[],"class_list":{"0":"post-5719","1":"product","2":"type-product","3":"status-publish","4":"has-post-thumbnail","6":"product_brand-zkteco","7":"product_cat-point-de-vente","8":"product_cat-pos-peripheriques","9":"product_cat-scanner","11":"first","12":"instock","13":"shipping-taxable","14":"product-type-simple"},"acf":[],"_links":{"self":[{"href":"https:\/\/mpsmaroc.com\/nos-produits\/wp-json\/wp\/v2\/product\/5719","targetHints":{"allow":["GET"]}}],"collection":[{"href":"https:\/\/mpsmaroc.com\/nos-produits\/wp-json\/wp\/v2\/product"}],"about":[{"href":"https:\/\/mpsmaroc.com\/nos-produits\/wp-json\/wp\/v2\/types\/product"}],"replies":[{"embeddable":true,"href":"https:\/\/mpsmaroc.com\/nos-produits\/wp-json\/wp\/v2\/comments?post=5719"}],"wp:featuredmedia":[{"embeddable":true,"href":"https:\/\/mpsmaroc.com\/nos-produits\/wp-json\/wp\/v2\/media\/5722"}],"wp:attachment":[{"href":"https:\/\/mpsmaroc.com\/nos-produits\/wp-json\/wp\/v2\/media?parent=5719"}],"wp:term":[{"taxonomy":"product_brand","embeddable":true,"href":"https:\/\/mpsmaroc.com\/nos-produits\/wp-json\/wp\/v2\/product_brand?post=5719"},{"taxonomy":"product_cat","embeddable":true,"href":"https:\/\/mpsmaroc.com\/nos-produits\/wp-json\/wp\/v2\/product_cat?post=5719"},{"taxonomy":"product_tag","embeddable":true,"href":"https:\/\/mpsmaroc.com\/nos-produits\/wp-json\/wp\/v2\/product_tag?post=5719"}],"curies":[{"name":"wp","href":"https:\/\/api.w.org\/{rel}","templated":true}]}}